{"id":3,"date":"2024-03-05T14:11:51","date_gmt":"2024-03-05T14:11:51","guid":{"rendered":"https:\/\/borrador.logicstudioplus.net\/?page_id=3"},"modified":"2024-09-30T00:01:09","modified_gmt":"2024-09-30T05:01:09","slug":"privacy-policy","status":"publish","type":"page","link":"https:\/\/www.logicstudioplus.net\/en\/privacy-policy\/","title":{"rendered":"Privacy Policy"},"content":{"rendered":"<div data-elementor-type=\"wp-page\" data-elementor-id=\"3\" class=\"elementor elementor-3\" data-elementor-post-type=\"page\">\n\t\t\t\t<div class=\"elementor-element elementor-element-4c491092 e-flex e-con-boxed wpr-particle-no wpr-jarallax-no wpr-parallax-no wpr-sticky-section-no wpr-column-slider-no wpr-equal-height-no e-con e-parent\" data-id=\"4c491092\" data-element_type=\"container\" data-e-type=\"container\">\n\t\t\t\t\t<div class=\"e-con-inner\">\n\t\t\t\t<div class=\"elementor-element elementor-element-3053e767 elementor-widget elementor-widget-text-editor\" data-id=\"3053e767\" data-element_type=\"widget\" data-e-type=\"widget\" data-widget_type=\"text-editor.default\">\n\t\t\t\t<div class=\"elementor-widget-container\">\n\t\t\t\t\t\t\t\t\t<h1><strong>T\u00e9rminos y Condiciones<\/strong><\/h1>\n<p style=\"font-weight: 400;\">Autorizo libre y voluntariamente a LOGIC STUDIO para consultar mis datos personales en todas las plataformas digitales donde consten, desde el primer contacto hasta que dure la relaci\u00f3n contractual entre las partes. Asimismo, autorizo a utilizar mi informaci\u00f3n personal o cualquier informaci\u00f3n de conocimiento p\u00fablico conforme a la ley, con el objetivo de contactarme por medio de llamada telef\u00f3nica, mensaje de texto, correo electr\u00f3nico u otro medio, con el fin de proporcionarme un mejor servicio en el \u00e1rea de servicios de TI y Staff Augmentation.<\/p>\n<p style=\"font-weight: 400;\">Los datos proporcionados ser\u00e1n de uso exclusivo de LOGIC STUDIO y bajo ning\u00fan concepto se compartir\u00e1n con terceros.<\/p>\n<h2><strong>Nuestras Pol\u00edticas de Privacidad<\/strong><\/h2>\n<p style=\"font-weight: 400;\">Reconocemos que la privacidad es un derecho fundamental para los usuarios. Estamos comprometidos en cuidar y proporcionar seguridad a los datos que se nos otorguen, tanto de clientes como de socios.<\/p>\n<h3><strong>Informaci\u00f3n Recolectada<\/strong><\/h3>\n<p style=\"font-weight: 400;\">Todos nuestros canales de comunicaci\u00f3n podr\u00edan solicitarle informaci\u00f3n personal como: nombre, correo electr\u00f3nico, n\u00famero telef\u00f3nico o informaci\u00f3n demogr\u00e1fica. Estos datos son recopilados para gestionar la relaci\u00f3n con nosotros.<\/p>\n<h3><strong>Uso de Informaci\u00f3n Recolectada<\/strong><\/h3>\n<p style=\"font-weight: 400;\">Toda informaci\u00f3n recopilada tiene como \u00fanico objetivo mantener la comunicaci\u00f3n con el cliente por medio de llamada telef\u00f3nica, mensaje de texto, correo electr\u00f3nico u otro medio.<\/p>\n<p style=\"font-weight: 400;\">Los datos proporcionados ser\u00e1n de uso exclusivo de LOGIC STUDIO y bajo ning\u00fan concepto se compartir\u00e1n con terceros.<\/p>\n<p style=\"font-weight: 400;\">Estamos comprometidos a mantener su informaci\u00f3n segura. Usamos los sistemas m\u00e1s avanzados y los actualizamos constantemente para asegurarnos de que no exista ning\u00fan acceso no autorizado.<\/p>\n<p style=\"font-weight: 400;\">\u00a0<\/p>\t\t\t\t\t\t\t\t<\/div>\n\t\t\t\t<\/div>\n\t\t\t\t\t<\/div>\n\t\t\t\t<\/div>\n\t\t\t\t<\/div>","protected":false},"excerpt":{"rendered":"<p>T\u00e9rminos y Condiciones Autorizo libre y voluntariamente a LOGIC STUDIO para consultar mis datos personales en todas las plataformas digitales donde consten, desde el primer contacto hasta que dure la relaci\u00f3n contractual entre las partes. Asimismo, autorizo a utilizar mi informaci\u00f3n personal o cualquier informaci\u00f3n de conocimiento p\u00fablico conforme a la ley, con el objetivo de contactarme por medio de llamada telef\u00f3nica, mensaje de texto, correo electr\u00f3nico u otro medio, con el fin de proporcionarme un mejor servicio en el \u00e1rea de servicios de TI y Staff Augmentation. Los datos proporcionados ser\u00e1n de uso exclusivo de LOGIC STUDIO y bajo ning\u00fan concepto se compartir\u00e1n con terceros. Nuestras Pol\u00edticas de Privacidad Reconocemos que la privacidad es un derecho fundamental para los usuarios. Estamos comprometidos en cuidar y proporcionar seguridad a los datos que se nos otorguen, tanto de clientes como de socios. Informaci\u00f3n Recolectada Todos nuestros canales de comunicaci\u00f3n podr\u00edan solicitarle informaci\u00f3n personal como: nombre, correo electr\u00f3nico, n\u00famero telef\u00f3nico o informaci\u00f3n demogr\u00e1fica. Estos datos son recopilados para gestionar la relaci\u00f3n con nosotros. Uso de Informaci\u00f3n Recolectada Toda informaci\u00f3n recopilada tiene como \u00fanico objetivo mantener la comunicaci\u00f3n con el cliente por medio de llamada telef\u00f3nica, mensaje de texto, correo electr\u00f3nico u otro medio. Los datos proporcionados ser\u00e1n de uso exclusivo de LOGIC STUDIO y bajo ning\u00fan concepto se compartir\u00e1n con terceros. Estamos comprometidos a mantener su informaci\u00f3n segura. Usamos los sistemas m\u00e1s avanzados y los actualizamos constantemente para asegurarnos de que no exista ning\u00fan acceso no autorizado. \u00a0<\/p>","protected":false},"author":1,"featured_media":0,"parent":0,"menu_order":0,"comment_status":"closed","ping_status":"closed","template":"elementor_header_footer","meta":{"footnotes":""},"class_list":["post-3","page","type-page","status-publish","hentry"],"yoast_head":"<!-- This site is optimized with the Yoast SEO plugin v26.8 - https:\/\/yoast.com\/product\/yoast-seo-wordpress\/ -->\n<title>Privacy Policy - LOGIC STUDIO PLUS<\/title>\n<meta name=\"robots\" content=\"index, follow, max-snippet:-1, max-image-preview:large, max-video-preview:-1\" \/>\n<link rel=\"canonical\" href=\"https:\/\/www.logicstudioplus.net\/en\/privacy-policy\/\" \/>\n<meta property=\"og:locale\" content=\"en_US\" \/>\n<meta property=\"og:type\" content=\"article\" \/>\n<meta property=\"og:title\" content=\"Privacy Policy - LOGIC STUDIO PLUS\" \/>\n<meta property=\"og:description\" content=\"T\u00e9rminos y Condiciones Autorizo libre y voluntariamente a LOGIC STUDIO para consultar mis datos personales en todas las plataformas digitales donde consten, desde el primer contacto hasta que dure la relaci\u00f3n contractual entre las partes. Asimismo, autorizo a utilizar mi informaci\u00f3n personal o cualquier informaci\u00f3n de conocimiento p\u00fablico conforme a la ley, con el objetivo de contactarme por medio de llamada telef\u00f3nica, mensaje de texto, correo electr\u00f3nico u otro medio, con el fin de proporcionarme un mejor servicio en el \u00e1rea de servicios de TI y Staff Augmentation. Los datos proporcionados ser\u00e1n de uso exclusivo de LOGIC STUDIO y bajo ning\u00fan concepto se compartir\u00e1n con terceros. Nuestras Pol\u00edticas de Privacidad Reconocemos que la privacidad es un derecho fundamental para los usuarios. Estamos comprometidos en cuidar y proporcionar seguridad a los datos que se nos otorguen, tanto de clientes como de socios. Informaci\u00f3n Recolectada Todos nuestros canales de comunicaci\u00f3n podr\u00edan solicitarle informaci\u00f3n personal como: nombre, correo electr\u00f3nico, n\u00famero telef\u00f3nico o informaci\u00f3n demogr\u00e1fica. Estos datos son recopilados para gestionar la relaci\u00f3n con nosotros. Uso de Informaci\u00f3n Recolectada Toda informaci\u00f3n recopilada tiene como \u00fanico objetivo mantener la comunicaci\u00f3n con el cliente por medio de llamada telef\u00f3nica, mensaje de texto, correo electr\u00f3nico u otro medio. Los datos proporcionados ser\u00e1n de uso exclusivo de LOGIC STUDIO y bajo ning\u00fan concepto se compartir\u00e1n con terceros. Estamos comprometidos a mantener su informaci\u00f3n segura. Usamos los sistemas m\u00e1s avanzados y los actualizamos constantemente para asegurarnos de que no exista ning\u00fan acceso no autorizado. \u00a0\" \/>\n<meta property=\"og:url\" content=\"https:\/\/www.logicstudioplus.net\/en\/privacy-policy\/\" \/>\n<meta property=\"og:site_name\" content=\"LOGIC STUDIO PLUS\" \/>\n<meta property=\"article:publisher\" content=\"https:\/\/www.facebook.com\/LogicStudioPlus\" \/>\n<meta property=\"article:modified_time\" content=\"2024-09-30T05:01:09+00:00\" \/>\n<meta name=\"twitter:card\" content=\"summary_large_image\" \/>\n<meta name=\"twitter:site\" content=\"@LogicStudioPlus\" \/>\n<meta name=\"twitter:label1\" content=\"Est. reading time\" \/>\n\t<meta name=\"twitter:data1\" content=\"2 minutes\" \/>\n<script type=\"application\/ld+json\" class=\"yoast-schema-graph\">{\"@context\":\"https:\/\/schema.org\",\"@graph\":[{\"@type\":\"WebPage\",\"@id\":\"https:\/\/www.logicstudioplus.net\/en\/privacy-policy\/\",\"url\":\"https:\/\/www.logicstudioplus.net\/en\/privacy-policy\/\",\"name\":\"Privacy Policy - LOGIC STUDIO PLUS\",\"isPartOf\":{\"@id\":\"https:\/\/www.logicstudioplus.net\/#website\"},\"datePublished\":\"2024-03-05T14:11:51+00:00\",\"dateModified\":\"2024-09-30T05:01:09+00:00\",\"breadcrumb\":{\"@id\":\"https:\/\/www.logicstudioplus.net\/en\/privacy-policy\/#breadcrumb\"},\"inLanguage\":\"en-US\",\"potentialAction\":[{\"@type\":\"ReadAction\",\"target\":[\"https:\/\/www.logicstudioplus.net\/en\/privacy-policy\/\"]}]},{\"@type\":\"BreadcrumbList\",\"@id\":\"https:\/\/www.logicstudioplus.net\/en\/privacy-policy\/#breadcrumb\",\"itemListElement\":[{\"@type\":\"ListItem\",\"position\":1,\"name\":\"Portada\",\"item\":\"https:\/\/www.logicstudioplus.net\/\"},{\"@type\":\"ListItem\",\"position\":2,\"name\":\"Privacy Policy\"}]},{\"@type\":\"WebSite\",\"@id\":\"https:\/\/www.logicstudioplus.net\/#website\",\"url\":\"https:\/\/www.logicstudioplus.net\/\",\"name\":\"LOGIC STUDIO\",\"description\":\"Tecnologia | Soporte | TI | Desarrollo\",\"publisher\":{\"@id\":\"https:\/\/www.logicstudioplus.net\/#organization\"},\"potentialAction\":[{\"@type\":\"SearchAction\",\"target\":{\"@type\":\"EntryPoint\",\"urlTemplate\":\"https:\/\/www.logicstudioplus.net\/?s={search_term_string}\"},\"query-input\":{\"@type\":\"PropertyValueSpecification\",\"valueRequired\":true,\"valueName\":\"search_term_string\"}}],\"inLanguage\":\"en-US\"},{\"@type\":\"Organization\",\"@id\":\"https:\/\/www.logicstudioplus.net\/#organization\",\"name\":\"LOGIC STUDIO\",\"url\":\"https:\/\/www.logicstudioplus.net\/\",\"logo\":{\"@type\":\"ImageObject\",\"inLanguage\":\"en-US\",\"@id\":\"https:\/\/www.logicstudioplus.net\/#\/schema\/logo\/image\/\",\"url\":\"\",\"contentUrl\":\"\",\"caption\":\"LOGIC STUDIO\"},\"image\":{\"@id\":\"https:\/\/www.logicstudioplus.net\/#\/schema\/logo\/image\/\"},\"sameAs\":[\"https:\/\/www.facebook.com\/LogicStudioPlus\",\"https:\/\/x.com\/LogicStudioPlus\",\"https:\/\/www.linkedin.com\/company\/logicstudioplus\"]}]}<\/script>\n<!-- \/ Yoast SEO plugin. -->","yoast_head_json":{"title":"Privacy Policy - LOGIC STUDIO PLUS","robots":{"index":"index","follow":"follow","max-snippet":"max-snippet:-1","max-image-preview":"max-image-preview:large","max-video-preview":"max-video-preview:-1"},"canonical":"https:\/\/www.logicstudioplus.net\/en\/privacy-policy\/","og_locale":"en_US","og_type":"article","og_title":"Privacy Policy - LOGIC STUDIO PLUS","og_description":"T\u00e9rminos y Condiciones Autorizo libre y voluntariamente a LOGIC STUDIO para consultar mis datos personales en todas las plataformas digitales donde consten, desde el primer contacto hasta que dure la relaci\u00f3n contractual entre las partes. Asimismo, autorizo a utilizar mi informaci\u00f3n personal o cualquier informaci\u00f3n de conocimiento p\u00fablico conforme a la ley, con el objetivo de contactarme por medio de llamada telef\u00f3nica, mensaje de texto, correo electr\u00f3nico u otro medio, con el fin de proporcionarme un mejor servicio en el \u00e1rea de servicios de TI y Staff Augmentation. Los datos proporcionados ser\u00e1n de uso exclusivo de LOGIC STUDIO y bajo ning\u00fan concepto se compartir\u00e1n con terceros. Nuestras Pol\u00edticas de Privacidad Reconocemos que la privacidad es un derecho fundamental para los usuarios. Estamos comprometidos en cuidar y proporcionar seguridad a los datos que se nos otorguen, tanto de clientes como de socios. Informaci\u00f3n Recolectada Todos nuestros canales de comunicaci\u00f3n podr\u00edan solicitarle informaci\u00f3n personal como: nombre, correo electr\u00f3nico, n\u00famero telef\u00f3nico o informaci\u00f3n demogr\u00e1fica. Estos datos son recopilados para gestionar la relaci\u00f3n con nosotros. Uso de Informaci\u00f3n Recolectada Toda informaci\u00f3n recopilada tiene como \u00fanico objetivo mantener la comunicaci\u00f3n con el cliente por medio de llamada telef\u00f3nica, mensaje de texto, correo electr\u00f3nico u otro medio. Los datos proporcionados ser\u00e1n de uso exclusivo de LOGIC STUDIO y bajo ning\u00fan concepto se compartir\u00e1n con terceros. Estamos comprometidos a mantener su informaci\u00f3n segura. Usamos los sistemas m\u00e1s avanzados y los actualizamos constantemente para asegurarnos de que no exista ning\u00fan acceso no autorizado. \u00a0","og_url":"https:\/\/www.logicstudioplus.net\/en\/privacy-policy\/","og_site_name":"LOGIC STUDIO PLUS","article_publisher":"https:\/\/www.facebook.com\/LogicStudioPlus","article_modified_time":"2024-09-30T05:01:09+00:00","twitter_card":"summary_large_image","twitter_site":"@LogicStudioPlus","twitter_misc":{"Est. reading time":"2 minutes"},"schema":{"@context":"https:\/\/schema.org","@graph":[{"@type":"WebPage","@id":"https:\/\/www.logicstudioplus.net\/en\/privacy-policy\/","url":"https:\/\/www.logicstudioplus.net\/en\/privacy-policy\/","name":"Privacy Policy - LOGIC STUDIO PLUS","isPartOf":{"@id":"https:\/\/www.logicstudioplus.net\/#website"},"datePublished":"2024-03-05T14:11:51+00:00","dateModified":"2024-09-30T05:01:09+00:00","breadcrumb":{"@id":"https:\/\/www.logicstudioplus.net\/en\/privacy-policy\/#breadcrumb"},"inLanguage":"en-US","potentialAction":[{"@type":"ReadAction","target":["https:\/\/www.logicstudioplus.net\/en\/privacy-policy\/"]}]},{"@type":"BreadcrumbList","@id":"https:\/\/www.logicstudioplus.net\/en\/privacy-policy\/#breadcrumb","itemListElement":[{"@type":"ListItem","position":1,"name":"Portada","item":"https:\/\/www.logicstudioplus.net\/"},{"@type":"ListItem","position":2,"name":"Privacy Policy"}]},{"@type":"WebSite","@id":"https:\/\/www.logicstudioplus.net\/#website","url":"https:\/\/www.logicstudioplus.net\/","name":"LOGIC STUDIO","description":"Tecnologia | Soporte | TI | Desarrollo","publisher":{"@id":"https:\/\/www.logicstudioplus.net\/#organization"},"potentialAction":[{"@type":"SearchAction","target":{"@type":"EntryPoint","urlTemplate":"https:\/\/www.logicstudioplus.net\/?s={search_term_string}"},"query-input":{"@type":"PropertyValueSpecification","valueRequired":true,"valueName":"search_term_string"}}],"inLanguage":"en-US"},{"@type":"Organization","@id":"https:\/\/www.logicstudioplus.net\/#organization","name":"LOGIC STUDIO","url":"https:\/\/www.logicstudioplus.net\/","logo":{"@type":"ImageObject","inLanguage":"en-US","@id":"https:\/\/www.logicstudioplus.net\/#\/schema\/logo\/image\/","url":"","contentUrl":"","caption":"LOGIC STUDIO"},"image":{"@id":"https:\/\/www.logicstudioplus.net\/#\/schema\/logo\/image\/"},"sameAs":["https:\/\/www.facebook.com\/LogicStudioPlus","https:\/\/x.com\/LogicStudioPlus","https:\/\/www.linkedin.com\/company\/logicstudioplus"]}]}},"_links":{"self":[{"href":"https:\/\/www.logicstudioplus.net\/en\/wp-json\/wp\/v2\/pages\/3","targetHints":{"allow":["GET"]}}],"collection":[{"href":"https:\/\/www.logicstudioplus.net\/en\/wp-json\/wp\/v2\/pages"}],"about":[{"href":"https:\/\/www.logicstudioplus.net\/en\/wp-json\/wp\/v2\/types\/page"}],"author":[{"embeddable":true,"href":"https:\/\/www.logicstudioplus.net\/en\/wp-json\/wp\/v2\/users\/1"}],"replies":[{"embeddable":true,"href":"https:\/\/www.logicstudioplus.net\/en\/wp-json\/wp\/v2\/comments?post=3"}],"version-history":[{"count":12,"href":"https:\/\/www.logicstudioplus.net\/en\/wp-json\/wp\/v2\/pages\/3\/revisions"}],"predecessor-version":[{"id":4162,"href":"https:\/\/www.logicstudioplus.net\/en\/wp-json\/wp\/v2\/pages\/3\/revisions\/4162"}],"wp:attachment":[{"href":"https:\/\/www.logicstudioplus.net\/en\/wp-json\/wp\/v2\/media?parent=3"}],"curies":[{"name":"wp","href":"https:\/\/api.w.org\/{rel}","templated":true}]}}